{"id":8,"date":"2020-07-13T15:06:16","date_gmt":"2020-07-13T15:06:16","guid":{"rendered":"https:\/\/stockmann-shk.de\/?page_id=8"},"modified":"2021-02-01T13:01:47","modified_gmt":"2021-02-01T13:01:47","slug":"ueber-uns","status":"publish","type":"page","link":"https:\/\/stockmann-shk.de\/index.php\/ueber-uns\/","title":{"rendered":"\u00dcber uns"},"content":{"rendered":"\t\t<div data-elementor-type=\"wp-page\" data-elementor-id=\"8\" class=\"elementor elementor-8\" data-elementor-settings=\"[]\">\n\t\t\t\t\t\t<div class=\"elementor-inner\">\n\t\t\t\t\t\t\t<div class=\"elementor-section-wrap\">\n\t\t\t\t\t\t\t<section class=\"elementor-section elementor-top-section elementor-element elementor-element-214381f1 elementor-section-boxed elementor-section-height-default elementor-section-height-default\" data-id=\"214381f1\" data-element_type=\"section\">\n\t\t\t\t\t\t<div class=\"elementor-container elementor-column-gap-no\">\n\t\t\t\t\t\t\t<div class=\"elementor-row\">\n\t\t\t\t\t<div class=\"elementor-column elementor-col-50 elementor-top-column elementor-element elementor-element-226dc3cf\" data-id=\"226dc3cf\" data-element_type=\"column\">\n\t\t\t<div class=\"elementor-column-wrap elementor-element-populated\">\n\t\t\t\t\t\t\t<div class=\"elementor-widget-wrap\">\n\t\t\t\t\t\t<div class=\"elementor-element elementor-element-1668357d elementor-widget elementor-widget-image\" data-id=\"1668357d\" data-element_type=\"widget\" data-widget_type=\"image.default\">\n\t\t\t\t<div class=\"elementor-widget-container\">\n\t\t\t\t\t\t\t\t<div class=\"elementor-image\">\n\t\t\t\t\t\t\t\t\t\t\t\t<img width=\"1684\" height=\"2383\" src=\"https:\/\/stockmann-shk.de\/wp-content\/uploads\/2021\/01\/Meisterbrief-Guenter-Stockmann-Gas-u.-Wasserinstallateur.jpg\" class=\"attachment-full size-full\" alt=\"\" loading=\"lazy\" srcset=\"https:\/\/stockmann-shk.de\/wp-content\/uploads\/2021\/01\/Meisterbrief-Guenter-Stockmann-Gas-u.-Wasserinstallateur.jpg 1684w, https:\/\/stockmann-shk.de\/wp-content\/uploads\/2021\/01\/Meisterbrief-Guenter-Stockmann-Gas-u.-Wasserinstallateur-212x300.jpg 212w, https:\/\/stockmann-shk.de\/wp-content\/uploads\/2021\/01\/Meisterbrief-Guenter-Stockmann-Gas-u.-Wasserinstallateur-724x1024.jpg 724w, https:\/\/stockmann-shk.de\/wp-content\/uploads\/2021\/01\/Meisterbrief-Guenter-Stockmann-Gas-u.-Wasserinstallateur-768x1087.jpg 768w, https:\/\/stockmann-shk.de\/wp-content\/uploads\/2021\/01\/Meisterbrief-Guenter-Stockmann-Gas-u.-Wasserinstallateur-1085x1536.jpg 1085w, https:\/\/stockmann-shk.de\/wp-content\/uploads\/2021\/01\/Meisterbrief-Guenter-Stockmann-Gas-u.-Wasserinstallateur-1447x2048.jpg 1447w\" sizes=\"(max-width: 1684px) 100vw, 1684px\" \/>\t\t\t\t\t\t\t\t\t\t\t\t\t\t<\/div>\n\t\t\t\t\t\t<\/div>\n\t\t\t\t<\/div>\n\t\t\t\t<div class=\"elementor-element elementor-element-5bb35bf elementor-widget elementor-widget-image\" data-id=\"5bb35bf\" data-element_type=\"widget\" data-widget_type=\"image.default\">\n\t\t\t\t<div class=\"elementor-widget-container\">\n\t\t\t\t\t\t\t\t<div class=\"elementor-image\">\n\t\t\t\t\t\t\t\t\t\t\t\t<img width=\"1684\" height=\"2383\" src=\"https:\/\/stockmann-shk.de\/wp-content\/uploads\/2021\/01\/Meisterbrief-Guenter-Stockmann-Heizung.jpg\" class=\"attachment-full size-full\" alt=\"\" loading=\"lazy\" srcset=\"https:\/\/stockmann-shk.de\/wp-content\/uploads\/2021\/01\/Meisterbrief-Guenter-Stockmann-Heizung.jpg 1684w, https:\/\/stockmann-shk.de\/wp-content\/uploads\/2021\/01\/Meisterbrief-Guenter-Stockmann-Heizung-212x300.jpg 212w, https:\/\/stockmann-shk.de\/wp-content\/uploads\/2021\/01\/Meisterbrief-Guenter-Stockmann-Heizung-724x1024.jpg 724w, https:\/\/stockmann-shk.de\/wp-content\/uploads\/2021\/01\/Meisterbrief-Guenter-Stockmann-Heizung-768x1087.jpg 768w, https:\/\/stockmann-shk.de\/wp-content\/uploads\/2021\/01\/Meisterbrief-Guenter-Stockmann-Heizung-1085x1536.jpg 1085w, https:\/\/stockmann-shk.de\/wp-content\/uploads\/2021\/01\/Meisterbrief-Guenter-Stockmann-Heizung-1447x2048.jpg 1447w\" sizes=\"(max-width: 1684px) 100vw, 1684px\" \/>\t\t\t\t\t\t\t\t\t\t\t\t\t\t<\/div>\n\t\t\t\t\t\t<\/div>\n\t\t\t\t<\/div>\n\t\t\t\t<div class=\"elementor-element elementor-element-9be4d45 elementor-widget elementor-widget-image\" data-id=\"9be4d45\" data-element_type=\"widget\" data-widget_type=\"image.default\">\n\t\t\t\t<div class=\"elementor-widget-container\">\n\t\t\t\t\t\t\t\t<div class=\"elementor-image\">\n\t\t\t\t\t\t\t\t\t\t\t\t<img width=\"1684\" height=\"2383\" src=\"https:\/\/stockmann-shk.de\/wp-content\/uploads\/2021\/01\/Meisterbrief-Sascha-Stockmann.jpg\" class=\"attachment-full size-full\" alt=\"\" loading=\"lazy\" srcset=\"https:\/\/stockmann-shk.de\/wp-content\/uploads\/2021\/01\/Meisterbrief-Sascha-Stockmann.jpg 1684w, https:\/\/stockmann-shk.de\/wp-content\/uploads\/2021\/01\/Meisterbrief-Sascha-Stockmann-212x300.jpg 212w, https:\/\/stockmann-shk.de\/wp-content\/uploads\/2021\/01\/Meisterbrief-Sascha-Stockmann-724x1024.jpg 724w, https:\/\/stockmann-shk.de\/wp-content\/uploads\/2021\/01\/Meisterbrief-Sascha-Stockmann-768x1087.jpg 768w, https:\/\/stockmann-shk.de\/wp-content\/uploads\/2021\/01\/Meisterbrief-Sascha-Stockmann-1085x1536.jpg 1085w, https:\/\/stockmann-shk.de\/wp-content\/uploads\/2021\/01\/Meisterbrief-Sascha-Stockmann-1447x2048.jpg 1447w\" sizes=\"(max-width: 1684px) 100vw, 1684px\" \/>\t\t\t\t\t\t\t\t\t\t\t\t\t\t<\/div>\n\t\t\t\t\t\t<\/div>\n\t\t\t\t<\/div>\n\t\t\t\t\t\t<\/div>\n\t\t\t\t\t<\/div>\n\t\t<\/div>\n\t\t\t\t<div class=\"elementor-column elementor-col-50 elementor-top-column elementor-element elementor-element-c7debc2\" data-id=\"c7debc2\" data-element_type=\"column\" data-settings=\"{&quot;background_background&quot;:&quot;classic&quot;}\">\n\t\t\t<div class=\"elementor-column-wrap elementor-element-populated\">\n\t\t\t\t\t\t\t<div class=\"elementor-widget-wrap\">\n\t\t\t\t\t\t<div class=\"elementor-element elementor-element-32b1a295 elementor-widget elementor-widget-heading\" data-id=\"32b1a295\" data-element_type=\"widget\" data-widget_type=\"heading.default\">\n\t\t\t\t<div class=\"elementor-widget-container\">\n\t\t\t<h2 class=\"elementor-heading-title elementor-size-large\">\u00dcber uns<\/h2>\t\t<\/div>\n\t\t\t\t<\/div>\n\t\t\t\t<section class=\"elementor-section elementor-inner-section elementor-element elementor-element-27d5eeb7 elementor-reverse-mobile elementor-section-boxed elementor-section-height-default elementor-section-height-default\" data-id=\"27d5eeb7\" data-element_type=\"section\">\n\t\t\t\t\t\t<div class=\"elementor-container elementor-column-gap-default\">\n\t\t\t\t\t\t\t<div class=\"elementor-row\">\n\t\t\t\t\t<div class=\"elementor-column elementor-col-100 elementor-inner-column elementor-element elementor-element-1d020f7e\" data-id=\"1d020f7e\" data-element_type=\"column\" data-settings=\"{&quot;background_background&quot;:&quot;classic&quot;}\">\n\t\t\t<div class=\"elementor-column-wrap elementor-element-populated\">\n\t\t\t\t\t\t\t<div class=\"elementor-widget-wrap\">\n\t\t\t\t\t\t<div class=\"elementor-element elementor-element-4148fb42 elementor-widget elementor-widget-text-editor\" data-id=\"4148fb42\" data-element_type=\"widget\" data-widget_type=\"text-editor.default\">\n\t\t\t\t<div class=\"elementor-widget-container\">\n\t\t\t\t\t\t\t\t<div class=\"elementor-text-editor elementor-clearfix\">\n\t\t\t\t<p>Das Unternehmen wurde 1994 von G\u00fcnter Stockmann als Einzelunternehmung gegr\u00fcndet und sp\u00e4ter in die Stockmann GmbH umgewandelt. Am 25. Juli 1995 legte er seine Meisterpr\u00fcfung zum Gas- und Wasserinstallateurmeister erfolgreich vor der Handwerkskammer Aachen ab. Im Mai 1997 folgte der Meistertitel zum Zentralheizungs- und L\u00fcftungsbaumeister. Seit dem Jahre 2018 wird das Team von Sascha Stockmann verst\u00e4rkt. Er legte im Juli 2018 die Meisterpr\u00fcfung im Installateur und Heizungsbauhandwerk erfolgreich ab.<\/p><p>Seit der Gr\u00fcndung arbeitet unser Team jeden Tag daran, Ihre W\u00fcnsche in Erf\u00fcllung gehen zu lassen.<\/p><p>Zu unseren langj\u00e4hrigen Kunden z\u00e4hlen Privatkunden, Industriebetriebe, Gewerbekunden genauso wie Gemeinden, Kommunen und Kirchengemeinden. Unser oberstes Ziel ist es f\u00fcr jeden Kunden die bestm\u00f6gliche L\u00f6sung f\u00fcr Ihr Anliegen zu finden und unsere Installationen in gr\u00f6\u00dftm\u00f6glicher Qualit\u00e4t zu erstellen. Langlebigkeit und Verl\u00e4sslichkeit sind uns sehr wichtig und demnach w\u00e4hlen wir auch unsere Partner und Zulieferer aus.<\/p><p>Wir sind Ihr kompetenter Ansprechpartner rund um die Haustechnik<\/p>\t\t\t\t\t<\/div>\n\t\t\t\t\t\t<\/div>\n\t\t\t\t<\/div>\n\t\t\t\t<div class=\"elementor-element elementor-element-bf3378a elementor-widget elementor-widget-button\" data-id=\"bf3378a\" data-element_type=\"widget\" data-widget_type=\"button.default\">\n\t\t\t\t<div class=\"elementor-widget-container\">\n\t\t\t\t\t<div class=\"elementor-button-wrapper\">\n\t\t\t<a href=\"#\" class=\"elementor-button-link elementor-button elementor-size-md\" role=\"button\">\n\t\t\t\t\t\t<span class=\"elementor-button-content-wrapper\">\n\t\t\t\t\t\t<span class=\"elementor-button-icon elementor-align-icon-left\">\n\t\t\t\t<i aria-hidden=\"true\" class=\"fas fa-envelope\"><\/i>\t\t\t<\/span>\n\t\t\t\t\t\t<span class=\"elementor-button-text\">Jetzt kontaktieren<\/span>\n\t\t<\/span>\n\t\t\t\t\t<\/a>\n\t\t<\/div>\n\t\t\t\t<\/div>\n\t\t\t\t<\/div>\n\t\t\t\t\t\t<\/div>\n\t\t\t\t\t<\/div>\n\t\t<\/div>\n\t\t\t\t\t\t\t\t<\/div>\n\t\t\t\t\t<\/div>\n\t\t<\/section>\n\t\t\t\t\t\t<\/div>\n\t\t\t\t\t<\/div>\n\t\t<\/div>\n\t\t\t\t\t\t\t\t<\/div>\n\t\t\t\t\t<\/div>\n\t\t<\/section>\n\t\t\t\t<section class=\"elementor-section elementor-top-section elementor-element elementor-element-d54eb2a elementor-section-boxed elementor-section-height-default elementor-section-height-default\" data-id=\"d54eb2a\" data-element_type=\"section\">\n\t\t\t\t\t\t<div class=\"elementor-container elementor-column-gap-no\">\n\t\t\t\t\t\t\t<div class=\"elementor-row\">\n\t\t\t\t\t<div class=\"elementor-column elementor-col-66 elementor-top-column elementor-element elementor-element-0638bf6\" data-id=\"0638bf6\" data-element_type=\"column\">\n\t\t\t<div class=\"elementor-column-wrap elementor-element-populated\">\n\t\t\t\t\t\t\t<div class=\"elementor-widget-wrap\">\n\t\t\t\t\t\t<div class=\"elementor-element elementor-element-55ce9fe elementor-widget elementor-widget-heading\" data-id=\"55ce9fe\" data-element_type=\"widget\" data-widget_type=\"heading.default\">\n\t\t\t\t<div class=\"elementor-widget-container\">\n\t\t\t<h2 class=\"elementor-heading-title elementor-size-large\">Das Team<\/h2>\t\t<\/div>\n\t\t\t\t<\/div>\n\t\t\t\t<section class=\"elementor-section elementor-inner-section elementor-element elementor-element-48cb04f elementor-reverse-mobile elementor-section-boxed elementor-section-height-default elementor-section-height-default\" data-id=\"48cb04f\" data-element_type=\"section\">\n\t\t\t\t\t\t<div class=\"elementor-container elementor-column-gap-default\">\n\t\t\t\t\t\t\t<div class=\"elementor-row\">\n\t\t\t\t\t<div class=\"elementor-column elementor-col-100 elementor-inner-column elementor-element elementor-element-786c455\" data-id=\"786c455\" data-element_type=\"column\" data-settings=\"{&quot;background_background&quot;:&quot;classic&quot;}\">\n\t\t\t<div class=\"elementor-column-wrap elementor-element-populated\">\n\t\t\t\t\t\t\t<div class=\"elementor-widget-wrap\">\n\t\t\t\t\t\t<div class=\"elementor-element elementor-element-44a31db elementor-widget elementor-widget-text-editor\" data-id=\"44a31db\" data-element_type=\"widget\" data-widget_type=\"text-editor.default\">\n\t\t\t\t<div class=\"elementor-widget-container\">\n\t\t\t\t\t\t\t\t<div class=\"elementor-text-editor elementor-clearfix\">\n\t\t\t\t<p>Unser Team besteht zurzeit aus 10 Personen. Darunter 2 Meister, 4 Gesellen, 2 Auszubildende sowie 2 B\u00fcrokr\u00e4fte. Wir sind stolz auf das Know-How unserer Mitarbeiter und Ihre Bereitschaft, ihre Fachkompetenz jeder Zeit miteinzubringen.<\/p>\t\t\t\t\t<\/div>\n\t\t\t\t\t\t<\/div>\n\t\t\t\t<\/div>\n\t\t\t\t\t\t<\/div>\n\t\t\t\t\t<\/div>\n\t\t<\/div>\n\t\t\t\t\t\t\t\t<\/div>\n\t\t\t\t\t<\/div>\n\t\t<\/section>\n\t\t\t\t\t\t<\/div>\n\t\t\t\t\t<\/div>\n\t\t<\/div>\n\t\t\t\t<div class=\"elementor-column elementor-col-33 elementor-top-column elementor-element elementor-element-059a20e\" data-id=\"059a20e\" data-element_type=\"column\" data-settings=\"{&quot;background_background&quot;:&quot;classic&quot;}\">\n\t\t\t<div class=\"elementor-column-wrap\">\n\t\t\t\t\t\t\t<div class=\"elementor-widget-wrap\">\n\t\t\t\t\t\t\t\t<\/div>\n\t\t\t\t\t<\/div>\n\t\t<\/div>\n\t\t\t\t\t\t\t\t<\/div>\n\t\t\t\t\t<\/div>\n\t\t<\/section>\n\t\t\t\t\t\t<\/div>\n\t\t\t\t\t\t<\/div>\n\t\t\t\t\t<\/div>\n\t\t","protected":false},"excerpt":{"rendered":"<p>\u00dcber uns Das Unternehmen wurde 1994 von G\u00fcnter Stockmann als Einzelunternehmung gegr\u00fcndet und sp\u00e4ter in die Stockmann GmbH umgewandelt. Am 25. Juli 1995 legte er seine Meisterpr\u00fcfung zum Gas- und Wasserinstallateurmeister erfolgreich vor der Handwerkskammer Aachen ab. Im Mai 1997 folgte der Meistertitel zum Zentralheizungs- und L\u00fcftungsbaumeister. Seit dem Jahre 2018 wird das Team von [&hellip;]<\/p>\n","protected":false},"author":1,"featured_media":0,"parent":0,"menu_order":0,"comment_status":"closed","ping_status":"closed","template":"","meta":[],"_links":{"self":[{"href":"https:\/\/stockmann-shk.de\/index.php\/wp-json\/wp\/v2\/pages\/8"}],"collection":[{"href":"https:\/\/stockmann-shk.de\/index.php\/wp-json\/wp\/v2\/pages"}],"about":[{"href":"https:\/\/stockmann-shk.de\/index.php\/wp-json\/wp\/v2\/types\/page"}],"author":[{"embeddable":true,"href":"https:\/\/stockmann-shk.de\/index.php\/wp-json\/wp\/v2\/users\/1"}],"replies":[{"embeddable":true,"href":"https:\/\/stockmann-shk.de\/index.php\/wp-json\/wp\/v2\/comments?post=8"}],"version-history":[{"count":21,"href":"https:\/\/stockmann-shk.de\/index.php\/wp-json\/wp\/v2\/pages\/8\/revisions"}],"predecessor-version":[{"id":370,"href":"https:\/\/stockmann-shk.de\/index.php\/wp-json\/wp\/v2\/pages\/8\/revisions\/370"}],"wp:attachment":[{"href":"https:\/\/stockmann-shk.de\/index.php\/wp-json\/wp\/v2\/media?parent=8"}],"curies":[{"name":"wp","href":"https:\/\/api.w.org\/{rel}","templated":true}]}}