{"id":335,"date":"2021-01-04T14:13:53","date_gmt":"2021-01-04T14:13:53","guid":{"rendered":"https:\/\/stockmann-shk.de\/?page_id=335"},"modified":"2022-10-13T17:57:25","modified_gmt":"2022-10-13T17:57:25","slug":"staubfrei-sanierung","status":"publish","type":"page","link":"https:\/\/stockmann-shk.de\/index.php\/staubfrei-sanierung\/","title":{"rendered":"Staubfreie Sanierung"},"content":{"rendered":"\t\t<div data-elementor-type=\"wp-page\" data-elementor-id=\"335\" class=\"elementor elementor-335\" data-elementor-settings=\"[]\">\n\t\t\t\t\t\t<div class=\"elementor-inner\">\n\t\t\t\t\t\t\t<div class=\"elementor-section-wrap\">\n\t\t\t\t\t\t\t<section class=\"elementor-section elementor-top-section elementor-element elementor-element-248b5481 elementor-section-stretched elementor-section-full_width elementor-section-height-min-height elementor-section-height-default elementor-section-items-middle\" data-id=\"248b5481\" data-element_type=\"section\" data-settings=\"{&quot;background_background&quot;:&quot;classic&quot;,&quot;stretch_section&quot;:&quot;section-stretched&quot;}\">\n\t\t\t\t\t\t\t<div class=\"elementor-background-overlay\"><\/div>\n\t\t\t\t\t\t\t<div class=\"elementor-container elementor-column-gap-default\">\n\t\t\t\t\t\t\t<div class=\"elementor-row\">\n\t\t\t\t\t<div class=\"elementor-column elementor-col-100 elementor-top-column elementor-element elementor-element-7f44523d\" data-id=\"7f44523d\" data-element_type=\"column\">\n\t\t\t<div class=\"elementor-column-wrap elementor-element-populated\">\n\t\t\t\t\t\t\t<div class=\"elementor-widget-wrap\">\n\t\t\t\t\t\t<div class=\"elementor-element elementor-element-5aaadac5 elementor-widget elementor-widget-heading\" data-id=\"5aaadac5\" data-element_type=\"widget\" data-widget_type=\"heading.default\">\n\t\t\t\t<div class=\"elementor-widget-container\">\n\t\t\t<h1 class=\"elementor-heading-title elementor-size-large\">Staubfreie Sanierung<\/h1>\t\t<\/div>\n\t\t\t\t<\/div>\n\t\t\t\t\t\t<\/div>\n\t\t\t\t\t<\/div>\n\t\t<\/div>\n\t\t\t\t\t\t\t\t<\/div>\n\t\t\t\t\t<\/div>\n\t\t<\/section>\n\t\t\t\t<section class=\"elementor-section elementor-top-section elementor-element elementor-element-4126867 elementor-section-boxed elementor-section-height-default elementor-section-height-default\" data-id=\"4126867\" data-element_type=\"section\">\n\t\t\t\t\t\t<div class=\"elementor-container elementor-column-gap-default\">\n\t\t\t\t\t\t\t<div class=\"elementor-row\">\n\t\t\t\t\t<div class=\"elementor-column elementor-col-100 elementor-top-column elementor-element elementor-element-8ca1e6f\" data-id=\"8ca1e6f\" data-element_type=\"column\">\n\t\t\t<div class=\"elementor-column-wrap elementor-element-populated\">\n\t\t\t\t\t\t\t<div class=\"elementor-widget-wrap\">\n\t\t\t\t\t\t<div class=\"elementor-element elementor-element-f6d86f2 elementor-widget elementor-widget-heading\" data-id=\"f6d86f2\" data-element_type=\"widget\" data-widget_type=\"heading.default\">\n\t\t\t\t<div class=\"elementor-widget-container\">\n\t\t\t<h2 class=\"elementor-heading-title elementor-size-default\">Neu bei uns: Staubfrei sanieren mit Airclean!<\/h2>\t\t<\/div>\n\t\t\t\t<\/div>\n\t\t\t\t<div class=\"elementor-element elementor-element-61a452c elementor-widget elementor-widget-text-editor\" data-id=\"61a452c\" data-element_type=\"widget\" data-widget_type=\"text-editor.default\">\n\t\t\t\t<div class=\"elementor-widget-container\">\n\t\t\t\t\t\t\t\t<div class=\"elementor-text-editor elementor-clearfix\">\n\t\t\t\t\t\t\t\t\t<\/div>\n\t\t\t\t\t\t<\/div>\n\t\t\t\t<\/div>\n\t\t\t\t<div class=\"elementor-element elementor-element-972ffd6 elementor-widget elementor-widget-text-editor\" data-id=\"972ffd6\" data-element_type=\"widget\" data-widget_type=\"text-editor.default\">\n\t\t\t\t<div class=\"elementor-widget-container\">\n\t\t\t\t\t\t\t\t<div class=\"elementor-text-editor elementor-clearfix\">\n\t\t\t\t<p>Verstaubte Flure durch Handwerksarbeiten sind immer eine l\u00e4stige Angelegenheit. Um dieses \u00c4rgernis auf ein Minimum zu reduzieren,&nbsp;<span style=\"font-size: 16px;\">setzten wir auf Technologien von Airclean um unseren Kunden eine m\u00f6glichst st\u00f6rungsfreie Zeit w\u00e4hrend unserer Arbeiten zu gew\u00e4hrleisten.<\/span><\/p>\n<p>Sehen Sie selbst:<\/p>\t\t\t\t\t<\/div>\n\t\t\t\t\t\t<\/div>\n\t\t\t\t<\/div>\n\t\t\t\t<div class=\"elementor-element elementor-element-09a2b0f elementor-aspect-ratio-169 elementor-widget elementor-widget-video\" data-id=\"09a2b0f\" data-element_type=\"widget\" data-settings=\"{&quot;youtube_url&quot;:&quot;https:\\\/\\\/www.youtube.com\\\/watch?v=W0-G6VJD788&quot;,&quot;video_type&quot;:&quot;youtube&quot;,&quot;controls&quot;:&quot;yes&quot;,&quot;aspect_ratio&quot;:&quot;169&quot;}\" data-widget_type=\"video.default\">\n\t\t\t\t<div class=\"elementor-widget-container\">\n\t\t\t\t\t<div class=\"elementor-wrapper elementor-fit-aspect-ratio elementor-open-inline\">\n\t\t\t<div class=\"elementor-video\"><\/div>\t\t<\/div>\n\t\t\t\t<\/div>\n\t\t\t\t<\/div>\n\t\t\t\t\t\t<\/div>\n\t\t\t\t\t<\/div>\n\t\t<\/div>\n\t\t\t\t\t\t\t\t<\/div>\n\t\t\t\t\t<\/div>\n\t\t<\/section>\n\t\t\t\t\t\t<\/div>\n\t\t\t\t\t\t<\/div>\n\t\t\t\t\t<\/div>\n\t\t","protected":false},"excerpt":{"rendered":"<p>Staubfreie Sanierung Neu bei uns: Staubfrei sanieren mit Airclean! Verstaubte Flure durch Handwerksarbeiten sind immer eine l\u00e4stige Angelegenheit. Um dieses \u00c4rgernis auf ein Minimum zu reduzieren,&nbsp;setzten wir auf Technologien von Airclean um unseren Kunden eine m\u00f6glichst st\u00f6rungsfreie Zeit w\u00e4hrend unserer Arbeiten zu gew\u00e4hrleisten. Sehen Sie selbst: https:\/\/www.youtube.com\/watch?v=W0-G6VJD788<\/p>\n","protected":false},"author":1,"featured_media":0,"parent":0,"menu_order":0,"comment_status":"closed","ping_status":"closed","template":"","meta":[],"_links":{"self":[{"href":"https:\/\/stockmann-shk.de\/index.php\/wp-json\/wp\/v2\/pages\/335"}],"collection":[{"href":"https:\/\/stockmann-shk.de\/index.php\/wp-json\/wp\/v2\/pages"}],"about":[{"href":"https:\/\/stockmann-shk.de\/index.php\/wp-json\/wp\/v2\/types\/page"}],"author":[{"embeddable":true,"href":"https:\/\/stockmann-shk.de\/index.php\/wp-json\/wp\/v2\/users\/1"}],"replies":[{"embeddable":true,"href":"https:\/\/stockmann-shk.de\/index.php\/wp-json\/wp\/v2\/comments?post=335"}],"version-history":[{"count":11,"href":"https:\/\/stockmann-shk.de\/index.php\/wp-json\/wp\/v2\/pages\/335\/revisions"}],"predecessor-version":[{"id":517,"href":"https:\/\/stockmann-shk.de\/index.php\/wp-json\/wp\/v2\/pages\/335\/revisions\/517"}],"wp:attachment":[{"href":"https:\/\/stockmann-shk.de\/index.php\/wp-json\/wp\/v2\/media?parent=335"}],"curies":[{"name":"wp","href":"https:\/\/api.w.org\/{rel}","templated":true}]}}