{"id":167,"date":"2020-08-22T12:11:28","date_gmt":"2020-08-22T12:11:28","guid":{"rendered":"https:\/\/stockmann-shk.de\/?page_id=167"},"modified":"2020-08-22T12:17:53","modified_gmt":"2020-08-22T12:17:53","slug":"konnektivitaet","status":"publish","type":"page","link":"https:\/\/stockmann-shk.de\/index.php\/konnektivitaet\/","title":{"rendered":"Konnektivit\u00e4t"},"content":{"rendered":"\t\t<div data-elementor-type=\"wp-page\" data-elementor-id=\"167\" class=\"elementor elementor-167\" data-elementor-settings=\"[]\">\n\t\t\t\t\t\t<div class=\"elementor-inner\">\n\t\t\t\t\t\t\t<div class=\"elementor-section-wrap\">\n\t\t\t\t\t\t\t<section class=\"elementor-section elementor-top-section elementor-element elementor-element-248b5481 elementor-section-stretched elementor-section-full_width elementor-section-height-min-height elementor-section-height-default elementor-section-items-middle\" data-id=\"248b5481\" data-element_type=\"section\" data-settings=\"{&quot;background_background&quot;:&quot;classic&quot;,&quot;stretch_section&quot;:&quot;section-stretched&quot;}\">\n\t\t\t\t\t\t\t<div class=\"elementor-background-overlay\"><\/div>\n\t\t\t\t\t\t\t<div class=\"elementor-container elementor-column-gap-default\">\n\t\t\t\t\t\t\t<div class=\"elementor-row\">\n\t\t\t\t\t<div class=\"elementor-column elementor-col-100 elementor-top-column elementor-element elementor-element-7f44523d\" data-id=\"7f44523d\" data-element_type=\"column\">\n\t\t\t<div class=\"elementor-column-wrap elementor-element-populated\">\n\t\t\t\t\t\t\t<div class=\"elementor-widget-wrap\">\n\t\t\t\t\t\t<div class=\"elementor-element elementor-element-5aaadac5 elementor-widget elementor-widget-heading\" data-id=\"5aaadac5\" data-element_type=\"widget\" data-widget_type=\"heading.default\">\n\t\t\t\t<div class=\"elementor-widget-container\">\n\t\t\t<h1 class=\"elementor-heading-title elementor-size-large\">Konnektivit\u00e4t<\/h1>\t\t<\/div>\n\t\t\t\t<\/div>\n\t\t\t\t\t\t<\/div>\n\t\t\t\t\t<\/div>\n\t\t<\/div>\n\t\t\t\t\t\t\t\t<\/div>\n\t\t\t\t\t<\/div>\n\t\t<\/section>\n\t\t\t\t<section class=\"elementor-section elementor-top-section elementor-element elementor-element-12de2eb elementor-section-boxed elementor-section-height-default elementor-section-height-default\" data-id=\"12de2eb\" data-element_type=\"section\">\n\t\t\t\t\t\t<div class=\"elementor-container elementor-column-gap-default\">\n\t\t\t\t\t\t\t<div class=\"elementor-row\">\n\t\t\t\t\t<div class=\"elementor-column elementor-col-100 elementor-top-column elementor-element elementor-element-8021b16\" data-id=\"8021b16\" data-element_type=\"column\">\n\t\t\t<div class=\"elementor-column-wrap elementor-element-populated\">\n\t\t\t\t\t\t\t<div class=\"elementor-widget-wrap\">\n\t\t\t\t\t\t<div class=\"elementor-element elementor-element-564ceff elementor-widget elementor-widget-heading\" data-id=\"564ceff\" data-element_type=\"widget\" data-widget_type=\"heading.default\">\n\t\t\t\t<div class=\"elementor-widget-container\">\n\t\t\t<h1 class=\"elementor-heading-title elementor-size-large\">Anlagenstatus immer im Blick<\/h1>\t\t<\/div>\n\t\t\t\t<\/div>\n\t\t\t\t<div class=\"elementor-element elementor-element-04f7287 elementor-widget elementor-widget-text-editor\" data-id=\"04f7287\" data-element_type=\"widget\" data-widget_type=\"text-editor.default\">\n\t\t\t\t<div class=\"elementor-widget-container\">\n\t\t\t\t\t\t\t\t<div class=\"elementor-text-editor elementor-clearfix\">\n\t\t\t\t<p>Mit der ViCare App ergeben sich f\u00fcr Sie neue M\u00f6glichkeiten der Heizungsregelung. \u00dcber die einfach gehaltene grafische Oberfl\u00e4che ist die Bedienung der Heizung ganz intuitiv m\u00f6glich. Alles was sie an ihrem W\u00e4rmeerzeuger einstellen k\u00f6nnen, k\u00f6nnen Sie somit auch direkt vom Smartphone aus.<\/p><p>Sie als Anwender sehen auf einen Blick, ob beim Betrieb der Heizung alles im gr\u00fcnen Bereich ist. Ein gelbes Feld informiert \u00fcber eine anstehende Wartung und bei beispielsweise einer St\u00f6rung erscheint das Feld in Rot und es wird sofort ein Kontakt zu uns als Fachpartner angezeigt. Dazu m\u00fcssen Sie uns lediglich vorher als Fachpartner hinzuf\u00fcgen und im Fall der F\u00e4lle haben wir so Zugriff auf die f\u00fcr uns wichtigen Parameter der Heizung und k\u00f6nnen schnell Hilfe leisten. Dies spart nicht nur Zeit, sondern Ihnen auch bares Geld.<\/p><p>Nahezu alle der seit 2004 installierten Gas- &amp; \u00d6l-Heizungsanlagen sowie W\u00e4rmepumpen ab 2010 k\u00f6nnen mit ViCare schnell und einfach bedient werden.<\/p><p>Entscheiden Sie sich jetzt f\u00fcr das rundum Sorglos-Paket und kontaktieren Sie uns. Wir beraten Sie gerne.<\/p>\t\t\t\t\t<\/div>\n\t\t\t\t\t\t<\/div>\n\t\t\t\t<\/div>\n\t\t\t\t\t\t<\/div>\n\t\t\t\t\t<\/div>\n\t\t<\/div>\n\t\t\t\t\t\t\t\t<\/div>\n\t\t\t\t\t<\/div>\n\t\t<\/section>\n\t\t\t\t\t\t<\/div>\n\t\t\t\t\t\t<\/div>\n\t\t\t\t\t<\/div>\n\t\t","protected":false},"excerpt":{"rendered":"<p>Konnektivit\u00e4t Anlagenstatus immer im Blick Mit der ViCare App ergeben sich f\u00fcr Sie neue M\u00f6glichkeiten der Heizungsregelung. \u00dcber die einfach gehaltene grafische Oberfl\u00e4che ist die Bedienung der Heizung ganz intuitiv m\u00f6glich. Alles was sie an ihrem W\u00e4rmeerzeuger einstellen k\u00f6nnen, k\u00f6nnen Sie somit auch direkt vom Smartphone aus. Sie als Anwender sehen auf einen Blick, ob [&hellip;]<\/p>\n","protected":false},"author":1,"featured_media":0,"parent":0,"menu_order":0,"comment_status":"closed","ping_status":"closed","template":"","meta":[],"_links":{"self":[{"href":"https:\/\/stockmann-shk.de\/index.php\/wp-json\/wp\/v2\/pages\/167"}],"collection":[{"href":"https:\/\/stockmann-shk.de\/index.php\/wp-json\/wp\/v2\/pages"}],"about":[{"href":"https:\/\/stockmann-shk.de\/index.php\/wp-json\/wp\/v2\/types\/page"}],"author":[{"embeddable":true,"href":"https:\/\/stockmann-shk.de\/index.php\/wp-json\/wp\/v2\/users\/1"}],"replies":[{"embeddable":true,"href":"https:\/\/stockmann-shk.de\/index.php\/wp-json\/wp\/v2\/comments?post=167"}],"version-history":[{"count":4,"href":"https:\/\/stockmann-shk.de\/index.php\/wp-json\/wp\/v2\/pages\/167\/revisions"}],"predecessor-version":[{"id":173,"href":"https:\/\/stockmann-shk.de\/index.php\/wp-json\/wp\/v2\/pages\/167\/revisions\/173"}],"wp:attachment":[{"href":"https:\/\/stockmann-shk.de\/index.php\/wp-json\/wp\/v2\/media?parent=167"}],"curies":[{"name":"wp","href":"https:\/\/api.w.org\/{rel}","templated":true}]}}